{"id":387,"date":"2024-11-06T15:43:46","date_gmt":"2024-11-06T14:43:46","guid":{"rendered":"https:\/\/l-box-eco.de\/de\/?page_id=387"},"modified":"2024-11-06T15:43:49","modified_gmt":"2024-11-06T14:43:49","slug":"4-fuer-welche-produkte-eignet-sich-die-l-box-eco-besonders-gut","status":"publish","type":"page","link":"https:\/\/l-box-eco.de\/de\/100-nachhaltige-verpackungsloesung\/10-fragen-und-antworten-zur-l-box-eco\/4-fuer-welche-produkte-eignet-sich-die-l-box-eco-besonders-gut\/","title":{"rendered":"4. F\u00fcr welche Produkte eignet sich die L-Box Eco besonders gut?"},"content":{"rendered":"<p>[et_pb_section fb_built=&#8220;1&#8243; custom_padding_last_edited=&#8220;off|desktop&#8220; disabled_on=&#8220;off|off|off&#8220; admin_label=&#8220;2 Fotos&#8220; _builder_version=&#8220;4.21.0&#8243; background_color=&#8220;#FFFFFF&#8220; background_enable_image=&#8220;off&#8220; background_size=&#8220;initial&#8220; background_position=&#8220;top_center&#8220; width_phone=&#8220;100%&#8220; width_last_edited=&#8220;off|desktop&#8220; custom_margin=&#8220;0px||0px||true|false&#8220; custom_padding=&#8220;0px||0px||true|false&#8220; custom_padding_phone=&#8220;|||0vw|false|false&#8220; bottom_divider_color=&#8220;#B0A4A0&#8243; border_color_all=&#8220;RGBA(255,255,255,0)&#8220; locked=&#8220;off&#8220; collapsed=&#8220;off&#8220; global_colors_info=&#8220;{}&#8220;][et_pb_row column_structure=&#8220;3_5,2_5&#8243; _builder_version=&#8220;4.24.0&#8243; _module_preset=&#8220;default&#8220; background_color=&#8220;RGBA(255,255,255,0)&#8220; width=&#8220;100%&#8220; custom_margin=&#8220;0px|0px|0px|0px|false|true&#8220; custom_padding=&#8220;0px|0px|0px|0px|true|true&#8220; border_color_all=&#8220;RGBA(255,255,255,0)&#8220; global_colors_info=&#8220;{}&#8220;][et_pb_column type=&#8220;3_5&#8243; _builder_version=&#8220;4.20.2&#8243; _module_preset=&#8220;default&#8220; custom_padding=&#8220;0px||0px||true|false&#8220; global_colors_info=&#8220;{}&#8220;][\/et_pb_column][et_pb_column type=&#8220;2_5&#8243; _builder_version=&#8220;4.20.2&#8243; _module_preset=&#8220;default&#8220; custom_padding=&#8220;0px||0px||true|false&#8220; global_colors_info=&#8220;{}&#8220;][\/et_pb_column][\/et_pb_row][et_pb_row _builder_version=&#8220;4.24.2&#8243; _module_preset=&#8220;default&#8220; global_colors_info=&#8220;{}&#8220;][et_pb_column type=&#8220;4_4&#8243; _builder_version=&#8220;4.24.2&#8243; _module_preset=&#8220;default&#8220; global_colors_info=&#8220;{}&#8220;][et_pb_text _builder_version=&#8220;4.24.2&#8243; _module_preset=&#8220;default&#8220; header_font=&#8220;||||||||&#8220; header_font_size=&#8220;26px&#8220; header_line_height=&#8220;1.4em&#8220; custom_padding=&#8220;10px||30px|30px|false|false&#8220; hover_enabled=&#8220;0&#8243; header_3_line_height_tablet=&#8220;&#8220; header_3_line_height_phone=&#8220;1.2em&#8220; header_3_line_height_last_edited=&#8220;on|phone&#8220; global_colors_info=&#8220;{}&#8220; sticky_enabled=&#8220;0&#8243;]<\/p>\n<h1><strong>4. F\u00fcr welche Produkte eignet sich die L-Box Eco besonders gut?<\/strong><\/h1>\n<p>&nbsp;<\/p>\n<p>Die L-Box Eco eignet sich hervorragend f\u00fcr den Versand von empfindlichen Produkten wie Elektronik, Medizintechnik, Glaswaren oder hochwertigen Konsumg\u00fctern. Der sto\u00dfabsorbierende Faserguss sch\u00fctzt den Inhalt zuverl\u00e4ssig vor Besch\u00e4digungen.<\/p>\n<p>[\/et_pb_text][et_pb_gallery gallery_ids=&#8220;166,123,124,167&#8243; show_title_and_caption=&#8220;off&#8220; show_pagination=&#8220;off&#8220; _builder_version=&#8220;4.24.2&#8243; _module_preset=&#8220;default&#8220; global_colors_info=&#8220;{}&#8220;][\/et_pb_gallery][\/et_pb_column][\/et_pb_row][\/et_pb_section][et_pb_section fb_built=&#8220;1&#8243; _builder_version=&#8220;4.24.2&#8243; _module_preset=&#8220;default&#8220; global_colors_info=&#8220;{}&#8220;][\/et_pb_section][et_pb_section fb_built=&#8220;1&#8243; custom_padding_last_edited=&#8220;on|phone&#8220; admin_label=&#8220;Footer&#8220; module_id=&#8220;Kontakt&#8220; _builder_version=&#8220;4.20.2&#8243; background_color=&#8220;#C7C6C5&#8243; max_width=&#8220;100%&#8220; max_width_tablet=&#8220;&#8220; max_width_phone=&#8220;100%&#8220; max_width_last_edited=&#8220;on|phone&#8220; custom_margin=&#8220;0px|0px|0px|0px|true|true&#8220; custom_padding=&#8220;0px|0px|0px|0px|true|true&#8220; custom_padding_tablet=&#8220;&#8220; custom_padding_phone=&#8220;|||0vw|false|false&#8220; top_divider_color=&#8220;#FFFFFF&#8220; border_color_all=&#8220;RGBA(255,255,255,0)&#8220; border_width_top=&#8220;2px&#8220; border_color_top=&#8220;#414141&#8243; border_width_right_tablet=&#8220;10vw&#8220; border_width_right_phone=&#8220;0vw&#8220; border_width_right_last_edited=&#8220;off|desktop&#8220; locked=&#8220;off&#8220; global_colors_info=&#8220;{}&#8220;][et_pb_row _builder_version=&#8220;4.16&#8243; width_tablet=&#8220;&#8220; width_phone=&#8220;100%&#8220; width_last_edited=&#8220;on|phone&#8220; global_colors_info=&#8220;{}&#8220;][et_pb_column type=&#8220;4_4&#8243; _builder_version=&#8220;4.16&#8243; global_colors_info=&#8220;{}&#8220;][et_pb_text _builder_version=&#8220;4.20.2&#8243; text_text_color=&#8220;#000000&#8243; text_font_size=&#8220;18px&#8220; text_line_height=&#8220;1.4em&#8220; header_2_font=&#8220;Unna||||||||&#8220; header_2_text_color=&#8220;#60544F&#8220; header_2_font_size=&#8220;2vw&#8220; header_3_font=&#8220;|||on|||||&#8220; header_3_text_color=&#8220;#B0A4A0&#8243; header_3_font_size=&#8220;2vw&#8220; header_4_font=&#8220;|700||on|||||&#8220; header_4_text_color=&#8220;#000000&#8243; header_4_font_size=&#8220;22px&#8220; text_orientation=&#8220;center&#8220; max_width=&#8220;750px&#8220; module_alignment=&#8220;center&#8220; custom_padding=&#8220;|20px||20px|false|true&#8220; hover_enabled=&#8220;0&#8243; text_font_size_tablet=&#8220;16px&#8220; text_font_size_phone=&#8220;14px&#8220; text_font_size_last_edited=&#8220;on|phone&#8220; header_2_font_size_tablet=&#8220;48px&#8220; header_2_font_size_phone=&#8220;32px&#8220; header_2_font_size_last_edited=&#8220;on|phone&#8220; header_3_font_size_tablet=&#8220;2vw&#8220; header_3_font_size_phone=&#8220;9vw&#8220; header_3_font_size_last_edited=&#8220;on|phone&#8220; global_colors_info=&#8220;{}&#8220; sticky_enabled=&#8220;0&#8243;]<\/p>\n<h4>Kontakt<\/h4>\n<p>Bitte kontaktieren Sie uns \u00fcber das folgende Formular. Wir werden uns schnellstm\u00f6glich mit Ihnen in Verbindung setzen.<\/p>\n<p>[\/et_pb_text][et_pb_contact_form email=&#8220;l-box-eco@paul-lindner.de&#8220; custom_message=&#8220;Vorname: %%Vorname%%||et_pb_line_break_holder||Nachname: %%Nachname%%||et_pb_line_break_holder||Email: %%Email%%||et_pb_line_break_holder||Telefon: %%Telefon%%||et_pb_line_break_holder||Nachricht: %%Nachricht%%&#8220; success_message=&#8220;Danke f\u00fcr Ihre Nachricht. Wir werden uns bei Ihnen melden.&#8220; submit_button_text=&#8220;Senden&#8220; _builder_version=&#8220;4.20.2&#8243; _module_preset=&#8220;default&#8220; _unique_id=&#8220;ee460db4-a531-46f7-8ee7-9dcafbde021d&#8220; form_field_background_color=&#8220;#414141&#8243; form_field_text_color=&#8220;#C7C6C5&#8243; form_field_focus_background_color=&#8220;#C7C6C5&#8243; form_field_focus_text_color=&#8220;#414141&#8243; title_level=&#8220;h6&#8243; title_text_color=&#8220;#60544F&#8220; title_font_size=&#8220;18px&#8220; form_field_font_size=&#8220;16px&#8220; form_field_line_height=&#8220;1.4em&#8220; background_color=&#8220;#FFFFFF&#8220; custom_button=&#8220;on&#8220; button_text_size=&#8220;18px&#8220; button_text_color=&#8220;#000000&#8243; button_bg_color=&#8220;#C7C6C5&#8243; button_border_radius=&#8220;0px&#8220; button_use_icon=&#8220;off&#8220; custom_padding=&#8220;20px|20px|20px|20px|true|true&#8220; global_colors_info=&#8220;{}&#8220; button_bg_color__hover_enabled=&#8220;on|hover&#8220; button_bg_color__hover=&#8220;#EE7F00&#8243; button_bg_enable_color__hover=&#8220;on&#8220; button_text_size__hover_enabled=&#8220;on|hover&#8220; button_border_color__hover_enabled=&#8220;on|desktop&#8220; button_border_color__hover=&#8220;#EE7F00&#8243; button_text_size__hover=&#8220;18px&#8220; button_text_color__hover_enabled=&#8220;on|desktop&#8220; button_text_color__hover=&#8220;#000000&#8243;][et_pb_contact_field field_id=&#8220;Vorname&#8220; field_title=&#8220;Vorname*&#8220; _builder_version=&#8220;4.16&#8243; global_colors_info=&#8220;{}&#8220; button_text_size__hover_enabled=&#8220;off&#8220; button_one_text_size__hover_enabled=&#8220;off&#8220; button_two_text_size__hover_enabled=&#8220;off&#8220; button_text_color__hover_enabled=&#8220;off&#8220; button_one_text_color__hover_enabled=&#8220;off&#8220; button_two_text_color__hover_enabled=&#8220;off&#8220; button_border_width__hover_enabled=&#8220;off&#8220; button_one_border_width__hover_enabled=&#8220;off&#8220; button_two_border_width__hover_enabled=&#8220;off&#8220; button_border_color__hover_enabled=&#8220;off&#8220; button_one_border_color__hover_enabled=&#8220;off&#8220; button_two_border_color__hover_enabled=&#8220;off&#8220; button_border_radius__hover_enabled=&#8220;off&#8220; button_one_border_radius__hover_enabled=&#8220;off&#8220; button_two_border_radius__hover_enabled=&#8220;off&#8220; button_letter_spacing__hover_enabled=&#8220;off&#8220; button_one_letter_spacing__hover_enabled=&#8220;off&#8220; button_two_letter_spacing__hover_enabled=&#8220;off&#8220; button_bg_color__hover_enabled=&#8220;off&#8220; button_one_bg_color__hover_enabled=&#8220;off&#8220; button_two_bg_color__hover_enabled=&#8220;off&#8220;][\/et_pb_contact_field][et_pb_contact_field field_id=&#8220;Nachname&#8220; field_title=&#8220;Nachname*&#8220; _builder_version=&#8220;4.16&#8243; global_colors_info=&#8220;{}&#8220; button_text_size__hover_enabled=&#8220;off&#8220; button_one_text_size__hover_enabled=&#8220;off&#8220; button_two_text_size__hover_enabled=&#8220;off&#8220; button_text_color__hover_enabled=&#8220;off&#8220; button_one_text_color__hover_enabled=&#8220;off&#8220; button_two_text_color__hover_enabled=&#8220;off&#8220; button_border_width__hover_enabled=&#8220;off&#8220; button_one_border_width__hover_enabled=&#8220;off&#8220; button_two_border_width__hover_enabled=&#8220;off&#8220; button_border_color__hover_enabled=&#8220;off&#8220; button_one_border_color__hover_enabled=&#8220;off&#8220; button_two_border_color__hover_enabled=&#8220;off&#8220; button_border_radius__hover_enabled=&#8220;off&#8220; button_one_border_radius__hover_enabled=&#8220;off&#8220; button_two_border_radius__hover_enabled=&#8220;off&#8220; button_letter_spacing__hover_enabled=&#8220;off&#8220; button_one_letter_spacing__hover_enabled=&#8220;off&#8220; button_two_letter_spacing__hover_enabled=&#8220;off&#8220; button_bg_color__hover_enabled=&#8220;off&#8220; button_one_bg_color__hover_enabled=&#8220;off&#8220; button_two_bg_color__hover_enabled=&#8220;off&#8220;][\/et_pb_contact_field][et_pb_contact_field field_id=&#8220;Telefon&#8220; field_title=&#8220;Telefon*&#8220; allowed_symbols=&#8220;numbers&#8220; _builder_version=&#8220;4.16&#8243; global_colors_info=&#8220;{}&#8220; button_text_size__hover_enabled=&#8220;off&#8220; button_one_text_size__hover_enabled=&#8220;off&#8220; button_two_text_size__hover_enabled=&#8220;off&#8220; button_text_color__hover_enabled=&#8220;off&#8220; button_one_text_color__hover_enabled=&#8220;off&#8220; button_two_text_color__hover_enabled=&#8220;off&#8220; button_border_width__hover_enabled=&#8220;off&#8220; button_one_border_width__hover_enabled=&#8220;off&#8220; button_two_border_width__hover_enabled=&#8220;off&#8220; button_border_color__hover_enabled=&#8220;off&#8220; button_one_border_color__hover_enabled=&#8220;off&#8220; button_two_border_color__hover_enabled=&#8220;off&#8220; button_border_radius__hover_enabled=&#8220;off&#8220; button_one_border_radius__hover_enabled=&#8220;off&#8220; button_two_border_radius__hover_enabled=&#8220;off&#8220; button_letter_spacing__hover_enabled=&#8220;off&#8220; button_one_letter_spacing__hover_enabled=&#8220;off&#8220; button_two_letter_spacing__hover_enabled=&#8220;off&#8220; button_bg_color__hover_enabled=&#8220;off&#8220; button_one_bg_color__hover_enabled=&#8220;off&#8220; button_two_bg_color__hover_enabled=&#8220;off&#8220;][\/et_pb_contact_field][et_pb_contact_field field_id=&#8220;Email&#8220; field_title=&#8220;E-Mail-Adresse*&#8220; field_type=&#8220;email&#8220; _builder_version=&#8220;4.20.2&#8243; global_colors_info=&#8220;{}&#8220; button_text_size__hover_enabled=&#8220;off&#8220; button_one_text_size__hover_enabled=&#8220;off&#8220; button_two_text_size__hover_enabled=&#8220;off&#8220; button_text_color__hover_enabled=&#8220;off&#8220; button_one_text_color__hover_enabled=&#8220;off&#8220; button_two_text_color__hover_enabled=&#8220;off&#8220; button_border_width__hover_enabled=&#8220;off&#8220; button_one_border_width__hover_enabled=&#8220;off&#8220; button_two_border_width__hover_enabled=&#8220;off&#8220; button_border_color__hover_enabled=&#8220;off&#8220; button_one_border_color__hover_enabled=&#8220;off&#8220; button_two_border_color__hover_enabled=&#8220;off&#8220; button_border_radius__hover_enabled=&#8220;off&#8220; button_one_border_radius__hover_enabled=&#8220;off&#8220; button_two_border_radius__hover_enabled=&#8220;off&#8220; button_letter_spacing__hover_enabled=&#8220;off&#8220; button_one_letter_spacing__hover_enabled=&#8220;off&#8220; button_two_letter_spacing__hover_enabled=&#8220;off&#8220; button_bg_color__hover_enabled=&#8220;off&#8220; button_one_bg_color__hover_enabled=&#8220;off&#8220; button_two_bg_color__hover_enabled=&#8220;off&#8220;][\/et_pb_contact_field][et_pb_contact_field field_id=&#8220;Nachricht&#8220; field_title=&#8220;Nachricht*&#8220; field_type=&#8220;text&#8220; fullwidth_field=&#8220;on&#8220; _builder_version=&#8220;4.16&#8243; global_colors_info=&#8220;{}&#8220; button_text_size__hover_enabled=&#8220;off&#8220; button_one_text_size__hover_enabled=&#8220;off&#8220; button_two_text_size__hover_enabled=&#8220;off&#8220; button_text_color__hover_enabled=&#8220;off&#8220; button_one_text_color__hover_enabled=&#8220;off&#8220; button_two_text_color__hover_enabled=&#8220;off&#8220; button_border_width__hover_enabled=&#8220;off&#8220; button_one_border_width__hover_enabled=&#8220;off&#8220; button_two_border_width__hover_enabled=&#8220;off&#8220; button_border_color__hover_enabled=&#8220;off&#8220; button_one_border_color__hover_enabled=&#8220;off&#8220; button_two_border_color__hover_enabled=&#8220;off&#8220; button_border_radius__hover_enabled=&#8220;off&#8220; button_one_border_radius__hover_enabled=&#8220;off&#8220; button_two_border_radius__hover_enabled=&#8220;off&#8220; button_letter_spacing__hover_enabled=&#8220;off&#8220; button_one_letter_spacing__hover_enabled=&#8220;off&#8220; button_two_letter_spacing__hover_enabled=&#8220;off&#8220; button_bg_color__hover_enabled=&#8220;off&#8220; button_one_bg_color__hover_enabled=&#8220;off&#8220; button_two_bg_color__hover_enabled=&#8220;off&#8220;][\/et_pb_contact_field][et_pb_contact_field field_id=&#8220;Datenschutz&#8220; field_title=&#8220;Datenschutz&#8220; field_type=&#8220;checkbox&#8220; checkbox_options=&#8220;%91{%22value%22:%22Sie erkl\u00e4ren sich damit einverstanden, da\u00df Ihre Daten zur Bearbeitung Ihres Anliegens verwendet werden. Weitere Informationen und Widerrufshinweise finden Sie in der Datenschutzerkl\u00e4rung.%22,%22checked%22:0,%22dragID%22:-1}%93&#8243; fullwidth_field=&#8220;on&#8220; _builder_version=&#8220;4.16&#8243; _module_preset=&#8220;default&#8220; global_colors_info=&#8220;{}&#8220;][\/et_pb_contact_field][\/et_pb_contact_form][\/et_pb_column][\/et_pb_row][\/et_pb_section]<\/p>\n","protected":false},"excerpt":{"rendered":"<p>4. F\u00fcr welche Produkte eignet sich die L-Box Eco besonders gut? &nbsp; Die L-Box Eco eignet sich hervorragend f\u00fcr den Versand von empfindlichen Produkten wie Elektronik, Medizintechnik, Glaswaren oder hochwertigen Konsumg\u00fctern. Der sto\u00dfabsorbierende Faserguss sch\u00fctzt den Inhalt zuverl\u00e4ssig vor Besch\u00e4digungen.Kontakt Bitte kontaktieren Sie uns \u00fcber das folgende Formular. Wir werden uns schnellstm\u00f6glich mit Ihnen in [&hellip;]<\/p>\n","protected":false},"author":2,"featured_media":0,"parent":354,"menu_order":0,"comment_status":"closed","ping_status":"closed","template":"","meta":{"_et_pb_use_builder":"on","_et_pb_old_content":"","_et_gb_content_width":"","footnotes":""},"class_list":["post-387","page","type-page","status-publish","hentry"],"yoast_head":"<!-- This site is optimized with the Yoast SEO plugin v24.7 - https:\/\/yoast.com\/wordpress\/plugins\/seo\/ -->\n<title>F\u00fcr welche Produkte eignet sich die L-Box Eco besonders gut?<\/title>\n<meta name=\"description\" content=\"10 Fragen und Antworten zur L-Box Eco. 4. F\u00fcr welche Produkte eignet sich die L-Box Eco besonders gut?\" \/>\n<meta name=\"robots\" content=\"index, follow, max-snippet:-1, max-image-preview:large, max-video-preview:-1\" \/>\n<link rel=\"canonical\" href=\"https:\/\/l-box-eco.de\/de\/100-nachhaltige-verpackungsloesung\/10-fragen-und-antworten-zur-l-box-eco\/4-fuer-welche-produkte-eignet-sich-die-l-box-eco-besonders-gut\/\" \/>\n<meta property=\"og:locale\" content=\"de_DE\" \/>\n<meta property=\"og:type\" content=\"article\" \/>\n<meta property=\"og:title\" content=\"F\u00fcr welche Produkte eignet sich die L-Box Eco besonders gut?\" \/>\n<meta property=\"og:description\" content=\"10 Fragen und Antworten zur L-Box Eco. 4. F\u00fcr welche Produkte eignet sich die L-Box Eco besonders gut?\" \/>\n<meta property=\"og:url\" content=\"https:\/\/l-box-eco.de\/de\/100-nachhaltige-verpackungsloesung\/10-fragen-und-antworten-zur-l-box-eco\/4-fuer-welche-produkte-eignet-sich-die-l-box-eco-besonders-gut\/\" \/>\n<meta property=\"og:site_name\" content=\"L-BOXeco - Lindner Verpackungen\" \/>\n<meta property=\"article:modified_time\" content=\"2024-11-06T14:43:49+00:00\" \/>\n<meta name=\"twitter:card\" content=\"summary_large_image\" \/>\n<meta name=\"twitter:label1\" content=\"Gesch\u00e4tzte Lesezeit\" \/>\n\t<meta name=\"twitter:data1\" content=\"2\u00a0Minuten\" \/>\n<script type=\"application\/ld+json\" class=\"yoast-schema-graph\">{\"@context\":\"https:\/\/schema.org\",\"@graph\":[{\"@type\":\"WebPage\",\"@id\":\"https:\/\/l-box-eco.de\/de\/100-nachhaltige-verpackungsloesung\/10-fragen-und-antworten-zur-l-box-eco\/4-fuer-welche-produkte-eignet-sich-die-l-box-eco-besonders-gut\/\",\"url\":\"https:\/\/l-box-eco.de\/de\/100-nachhaltige-verpackungsloesung\/10-fragen-und-antworten-zur-l-box-eco\/4-fuer-welche-produkte-eignet-sich-die-l-box-eco-besonders-gut\/\",\"name\":\"F\u00fcr welche Produkte eignet sich die L-Box Eco besonders gut?\",\"isPartOf\":{\"@id\":\"https:\/\/l-box-eco.de\/de\/#website\"},\"datePublished\":\"2024-11-06T14:43:46+00:00\",\"dateModified\":\"2024-11-06T14:43:49+00:00\",\"description\":\"10 Fragen und Antworten zur L-Box Eco. 4. F\u00fcr welche Produkte eignet sich die L-Box Eco besonders gut?\",\"breadcrumb\":{\"@id\":\"https:\/\/l-box-eco.de\/de\/100-nachhaltige-verpackungsloesung\/10-fragen-und-antworten-zur-l-box-eco\/4-fuer-welche-produkte-eignet-sich-die-l-box-eco-besonders-gut\/#breadcrumb\"},\"inLanguage\":\"de\",\"potentialAction\":[{\"@type\":\"ReadAction\",\"target\":[\"https:\/\/l-box-eco.de\/de\/100-nachhaltige-verpackungsloesung\/10-fragen-und-antworten-zur-l-box-eco\/4-fuer-welche-produkte-eignet-sich-die-l-box-eco-besonders-gut\/\"]}]},{\"@type\":\"BreadcrumbList\",\"@id\":\"https:\/\/l-box-eco.de\/de\/100-nachhaltige-verpackungsloesung\/10-fragen-und-antworten-zur-l-box-eco\/4-fuer-welche-produkte-eignet-sich-die-l-box-eco-besonders-gut\/#breadcrumb\",\"itemListElement\":[{\"@type\":\"ListItem\",\"position\":1,\"name\":\"Startseite\",\"item\":\"https:\/\/l-box-eco.de\/de\/\"},{\"@type\":\"ListItem\",\"position\":2,\"name\":\"100% nachhaltige Verpackungsl\u00f6sung\",\"item\":\"https:\/\/l-box-eco.de\/de\/100-nachhaltige-verpackungsloesung\/\"},{\"@type\":\"ListItem\",\"position\":3,\"name\":\"10 Fragen und Antworten zur L-Box Eco\",\"item\":\"https:\/\/l-box-eco.de\/de\/100-nachhaltige-verpackungsloesung\/10-fragen-und-antworten-zur-l-box-eco\/\"},{\"@type\":\"ListItem\",\"position\":4,\"name\":\"4. F\u00fcr welche Produkte eignet sich die L-Box Eco besonders gut?\"}]},{\"@type\":\"WebSite\",\"@id\":\"https:\/\/l-box-eco.de\/de\/#website\",\"url\":\"https:\/\/l-box-eco.de\/de\/\",\"name\":\"L-BOXeco - Lindner Verpackungen\",\"description\":\"\",\"publisher\":{\"@id\":\"https:\/\/l-box-eco.de\/de\/#organization\"},\"potentialAction\":[{\"@type\":\"SearchAction\",\"target\":{\"@type\":\"EntryPoint\",\"urlTemplate\":\"https:\/\/l-box-eco.de\/de\/?s={search_term_string}\"},\"query-input\":{\"@type\":\"PropertyValueSpecification\",\"valueRequired\":true,\"valueName\":\"search_term_string\"}}],\"inLanguage\":\"de\"},{\"@type\":\"Organization\",\"@id\":\"https:\/\/l-box-eco.de\/de\/#organization\",\"name\":\"L-BOXeco - Lindner Verpackungen\",\"url\":\"https:\/\/l-box-eco.de\/de\/\",\"logo\":{\"@type\":\"ImageObject\",\"inLanguage\":\"de\",\"@id\":\"https:\/\/l-box-eco.de\/de\/#\/schema\/logo\/image\/\",\"url\":\"https:\/\/l-box-eco.de\/de\/wp-content\/uploads\/2023\/03\/Logo_Lindner_Schwarz.svg\",\"contentUrl\":\"https:\/\/l-box-eco.de\/de\/wp-content\/uploads\/2023\/03\/Logo_Lindner_Schwarz.svg\",\"width\":1,\"height\":1,\"caption\":\"L-BOXeco - Lindner Verpackungen\"},\"image\":{\"@id\":\"https:\/\/l-box-eco.de\/de\/#\/schema\/logo\/image\/\"}}]}<\/script>\n<!-- \/ Yoast SEO plugin. -->","yoast_head_json":{"title":"F\u00fcr welche Produkte eignet sich die L-Box Eco besonders gut?","description":"10 Fragen und Antworten zur L-Box Eco. 4. F\u00fcr welche Produkte eignet sich die L-Box Eco besonders gut?","robots":{"index":"index","follow":"follow","max-snippet":"max-snippet:-1","max-image-preview":"max-image-preview:large","max-video-preview":"max-video-preview:-1"},"canonical":"https:\/\/l-box-eco.de\/de\/100-nachhaltige-verpackungsloesung\/10-fragen-und-antworten-zur-l-box-eco\/4-fuer-welche-produkte-eignet-sich-die-l-box-eco-besonders-gut\/","og_locale":"de_DE","og_type":"article","og_title":"F\u00fcr welche Produkte eignet sich die L-Box Eco besonders gut?","og_description":"10 Fragen und Antworten zur L-Box Eco. 4. F\u00fcr welche Produkte eignet sich die L-Box Eco besonders gut?","og_url":"https:\/\/l-box-eco.de\/de\/100-nachhaltige-verpackungsloesung\/10-fragen-und-antworten-zur-l-box-eco\/4-fuer-welche-produkte-eignet-sich-die-l-box-eco-besonders-gut\/","og_site_name":"L-BOXeco - Lindner Verpackungen","article_modified_time":"2024-11-06T14:43:49+00:00","twitter_card":"summary_large_image","twitter_misc":{"Gesch\u00e4tzte Lesezeit":"2\u00a0Minuten"},"schema":{"@context":"https:\/\/schema.org","@graph":[{"@type":"WebPage","@id":"https:\/\/l-box-eco.de\/de\/100-nachhaltige-verpackungsloesung\/10-fragen-und-antworten-zur-l-box-eco\/4-fuer-welche-produkte-eignet-sich-die-l-box-eco-besonders-gut\/","url":"https:\/\/l-box-eco.de\/de\/100-nachhaltige-verpackungsloesung\/10-fragen-und-antworten-zur-l-box-eco\/4-fuer-welche-produkte-eignet-sich-die-l-box-eco-besonders-gut\/","name":"F\u00fcr welche Produkte eignet sich die L-Box Eco besonders gut?","isPartOf":{"@id":"https:\/\/l-box-eco.de\/de\/#website"},"datePublished":"2024-11-06T14:43:46+00:00","dateModified":"2024-11-06T14:43:49+00:00","description":"10 Fragen und Antworten zur L-Box Eco. 4. F\u00fcr welche Produkte eignet sich die L-Box Eco besonders gut?","breadcrumb":{"@id":"https:\/\/l-box-eco.de\/de\/100-nachhaltige-verpackungsloesung\/10-fragen-und-antworten-zur-l-box-eco\/4-fuer-welche-produkte-eignet-sich-die-l-box-eco-besonders-gut\/#breadcrumb"},"inLanguage":"de","potentialAction":[{"@type":"ReadAction","target":["https:\/\/l-box-eco.de\/de\/100-nachhaltige-verpackungsloesung\/10-fragen-und-antworten-zur-l-box-eco\/4-fuer-welche-produkte-eignet-sich-die-l-box-eco-besonders-gut\/"]}]},{"@type":"BreadcrumbList","@id":"https:\/\/l-box-eco.de\/de\/100-nachhaltige-verpackungsloesung\/10-fragen-und-antworten-zur-l-box-eco\/4-fuer-welche-produkte-eignet-sich-die-l-box-eco-besonders-gut\/#breadcrumb","itemListElement":[{"@type":"ListItem","position":1,"name":"Startseite","item":"https:\/\/l-box-eco.de\/de\/"},{"@type":"ListItem","position":2,"name":"100% nachhaltige Verpackungsl\u00f6sung","item":"https:\/\/l-box-eco.de\/de\/100-nachhaltige-verpackungsloesung\/"},{"@type":"ListItem","position":3,"name":"10 Fragen und Antworten zur L-Box Eco","item":"https:\/\/l-box-eco.de\/de\/100-nachhaltige-verpackungsloesung\/10-fragen-und-antworten-zur-l-box-eco\/"},{"@type":"ListItem","position":4,"name":"4. F\u00fcr welche Produkte eignet sich die L-Box Eco besonders gut?"}]},{"@type":"WebSite","@id":"https:\/\/l-box-eco.de\/de\/#website","url":"https:\/\/l-box-eco.de\/de\/","name":"L-BOXeco - Lindner Verpackungen","description":"","publisher":{"@id":"https:\/\/l-box-eco.de\/de\/#organization"},"potentialAction":[{"@type":"SearchAction","target":{"@type":"EntryPoint","urlTemplate":"https:\/\/l-box-eco.de\/de\/?s={search_term_string}"},"query-input":{"@type":"PropertyValueSpecification","valueRequired":true,"valueName":"search_term_string"}}],"inLanguage":"de"},{"@type":"Organization","@id":"https:\/\/l-box-eco.de\/de\/#organization","name":"L-BOXeco - Lindner Verpackungen","url":"https:\/\/l-box-eco.de\/de\/","logo":{"@type":"ImageObject","inLanguage":"de","@id":"https:\/\/l-box-eco.de\/de\/#\/schema\/logo\/image\/","url":"https:\/\/l-box-eco.de\/de\/wp-content\/uploads\/2023\/03\/Logo_Lindner_Schwarz.svg","contentUrl":"https:\/\/l-box-eco.de\/de\/wp-content\/uploads\/2023\/03\/Logo_Lindner_Schwarz.svg","width":1,"height":1,"caption":"L-BOXeco - Lindner Verpackungen"},"image":{"@id":"https:\/\/l-box-eco.de\/de\/#\/schema\/logo\/image\/"}}]}},"_links":{"self":[{"href":"https:\/\/l-box-eco.de\/de\/wp-json\/wp\/v2\/pages\/387","targetHints":{"allow":["GET"]}}],"collection":[{"href":"https:\/\/l-box-eco.de\/de\/wp-json\/wp\/v2\/pages"}],"about":[{"href":"https:\/\/l-box-eco.de\/de\/wp-json\/wp\/v2\/types\/page"}],"author":[{"embeddable":true,"href":"https:\/\/l-box-eco.de\/de\/wp-json\/wp\/v2\/users\/2"}],"replies":[{"embeddable":true,"href":"https:\/\/l-box-eco.de\/de\/wp-json\/wp\/v2\/comments?post=387"}],"version-history":[{"count":3,"href":"https:\/\/l-box-eco.de\/de\/wp-json\/wp\/v2\/pages\/387\/revisions"}],"predecessor-version":[{"id":390,"href":"https:\/\/l-box-eco.de\/de\/wp-json\/wp\/v2\/pages\/387\/revisions\/390"}],"up":[{"embeddable":true,"href":"https:\/\/l-box-eco.de\/de\/wp-json\/wp\/v2\/pages\/354"}],"wp:attachment":[{"href":"https:\/\/l-box-eco.de\/de\/wp-json\/wp\/v2\/media?parent=387"}],"curies":[{"name":"wp","href":"https:\/\/api.w.org\/{rel}","templated":true}]}}